{"id":239883,"date":"2023-10-31T21:25:41","date_gmt":"2023-11-01T02:25:41","guid":{"rendered":"https:\/\/cmproyectos.com.pe\/?page_id=239883"},"modified":"2024-04-03T11:36:13","modified_gmt":"2024-04-03T16:36:13","slug":"corredizas","status":"publish","type":"page","link":"https:\/\/cmproyectos.com.pe\/?page_id=239883","title":{"rendered":"Instalaciones El\u00e9ctricas\/Pintura\/Soldadura"},"content":{"rendered":"<p>[et_pb_section fb_built=\u00bb1&#8243; _builder_version=\u00bb4.24.3&#8243; _module_preset=\u00bbdefault\u00bb background_enable_color=\u00bboff\u00bb background_image=\u00bbhttp:\/\/cmproyectos.com.pe\/wp-content\/uploads\/2024\/04\/pagina-inst.-electricas.png\u00bb background_position=\u00bbtop_left\u00bb background_horizontal_offset=\u00bb1%\u00bb background_vertical_offset=\u00bb23%\u00bb min_height=\u00bb469.8px\u00bb custom_margin=\u00bb-44px||||false|false\u00bb border_color_bottom=\u00bb#E02B20&#8243; global_colors_info=\u00bb{}\u00bb][et_pb_row _builder_version=\u00bb4.24.2&#8243; _module_preset=\u00bbdefault\u00bb background_color=\u00bb#FFFFFF\u00bb width=\u00bb100%\u00bb max_width=\u00bb2560px\u00bb custom_margin=\u00bb|-7px|-34px|-7px|false|false\u00bb custom_padding=\u00bb|0px|0px|82px|false|false\u00bb global_colors_info=\u00bb{}\u00bb][et_pb_column type=\u00bb4_4&#8243; _builder_version=\u00bb4.24.2&#8243; _module_preset=\u00bbdefault\u00bb custom_padding=\u00bb0px|116px||0px|false|false\u00bb global_colors_info=\u00bb{}\u00bb][et_pb_heading title=\u00bbINSTALACIONES EL\u00c9CTRICAS\/SOLDADURA\/PINTURA\u00bb _builder_version=\u00bb4.24.3&#8243; _module_preset=\u00bbdefault\u00bb title_text_align=\u00bbcenter\u00bb title_text_color=\u00bb#000000&#8243; background_color=\u00bb#FFFFFF\u00bb custom_margin=\u00bb18px||||false|false\u00bb hover_enabled=\u00bb0&#8243; global_colors_info=\u00bb{}\u00bb sticky_enabled=\u00bb0&#8243;][\/et_pb_heading][\/et_pb_column][\/et_pb_row][\/et_pb_section][et_pb_section fb_built=\u00bb1&#8243; _builder_version=\u00bb4.24.2&#8243; _module_preset=\u00bbdefault\u00bb background_color=\u00bbRGBA(255,255,255,0)\u00bb global_colors_info=\u00bb{}\u00bb][et_pb_row column_structure=\u00bb1_2,1_2&#8243; _builder_version=\u00bb4.24.3&#8243; _module_preset=\u00bbdefault\u00bb background_color=\u00bbRGBA(255,255,255,0)\u00bb background_enable_image=\u00bboff\u00bb width=\u00bb86.3%\u00bb global_colors_info=\u00bb{}\u00bb][et_pb_column type=\u00bb1_2&#8243; _builder_version=\u00bb4.24.2&#8243; _module_preset=\u00bbdefault\u00bb background_color=\u00bbRGBA(255,255,255,0)\u00bb global_colors_info=\u00bb{}\u00bb][et_pb_heading title=\u00bbINSTALACIONES EL\u00c9TRICAS\u00bb _builder_version=\u00bb4.24.3&#8243; _module_preset=\u00bbdefault\u00bb background_enable_pattern_style=\u00bbon\u00bb background_pattern_color=\u00bbRGBA(255,255,255,0)\u00bb global_colors_info=\u00bb{}\u00bb][\/et_pb_heading][et_pb_text _builder_version=\u00bb4.24.3&#8243; _module_preset=\u00bbdefault\u00bb text_font=\u00bb||||||||\u00bb text_text_color=\u00bb#000000&#8243; text_orientation=\u00bbjustified\u00bb custom_margin=\u00bb|||0px|false|false\u00bb border_width_all=\u00bb2px\u00bb border_color_all=\u00bb#0C71C3&#8243; border_width_top=\u00bb0px\u00bb border_width_right=\u00bb0px\u00bb border_width_bottom=\u00bb0px\u00bb border_width_left=\u00bb0px\u00bb global_colors_info=\u00bb{}\u00bb]<\/p>\n<p>En CM Proyectos, tambi\u00e9n nos dedicamos al suministro e instalaci\u00f3n de materiales el\u00e9ctricos, teniendo como base las normas del c\u00f3digo nacional de electricidad y las normas internacionales vigentes. Abarcamos el sector dom\u00e9stico, comercial e industrial.<\/p>\n<p style=\"text-align: justify;\">\u00a0Realizamos mantenimiento de preventivo y correctivo de sistemas el\u00e9ctricos como tableros de control, iluminaci\u00f3n, luces de emergencia, pozo a tierra, etc.<\/p>\n<p>[\/et_pb_text][\/et_pb_column][et_pb_column type=\u00bb1_2&#8243; _builder_version=\u00bb4.24.3&#8243; _module_preset=\u00bbdefault\u00bb global_colors_info=\u00bb{}\u00bb][et_pb_image src=\u00bbhttp:\/\/cmproyectos.com.pe\/wp-content\/uploads\/2024\/04\/constructor-electricista-trabajo-instalacion-lamparas-altura-profesional-monos-taladro-fondo-sitio-reparacion-scaled.jpg\u00bb title_text=\u00bbAn electrician builder in overalls with a drill in the process of installing lamps at a height.\u00bb align=\u00bbcenter\u00bb _builder_version=\u00bb4.24.3&#8243; _module_preset=\u00bbdefault\u00bb height=\u00bb358px\u00bb box_shadow_style=\u00bbpreset1&#8243; global_colors_info=\u00bb{}\u00bb][\/et_pb_image][\/et_pb_column][\/et_pb_row][et_pb_row column_structure=\u00bb3_5,2_5&#8243; _builder_version=\u00bb4.24.3&#8243; _module_preset=\u00bbdefault\u00bb global_colors_info=\u00bb{}\u00bb][et_pb_column type=\u00bb3_5&#8243; _builder_version=\u00bb4.24.3&#8243; _module_preset=\u00bbdefault\u00bb global_colors_info=\u00bb{}\u00bb][et_pb_image src=\u00bbhttp:\/\/cmproyectos.com.pe\/wp-content\/uploads\/2024\/04\/workers-hand-gloves-welds-steel-structure-house-construction-site-scaled.jpg\u00bb title_text=\u00bbworkers-hand-gloves-welds-steel-structure-house-construction-site\u00bb align=\u00bbcenter\u00bb _builder_version=\u00bb4.24.3&#8243; _module_preset=\u00bbdefault\u00bb height=\u00bb365px\u00bb custom_padding=\u00bb|182px||||\u00bb box_shadow_style=\u00bbpreset1&#8243; box_shadow_vertical=\u00bb1px\u00bb global_colors_info=\u00bb{}\u00bb][\/et_pb_image][\/et_pb_column][et_pb_column type=\u00bb2_5&#8243; _builder_version=\u00bb4.24.2&#8243; _module_preset=\u00bbdefault\u00bb global_colors_info=\u00bb{}\u00bb][et_pb_heading title=\u00bbSOLDADURA\u00bb _builder_version=\u00bb4.24.2&#8243; _module_preset=\u00bbdefault\u00bb title_text_align=\u00bbcenter\u00bb background_enable_pattern_style=\u00bbon\u00bb background_pattern_color=\u00bbRGBA(255,255,255,0)\u00bb width=\u00bb121.1%\u00bb custom_margin=\u00bb|||-255px||\u00bb custom_padding=\u00bb4px|||2px||\u00bb global_colors_info=\u00bb{}\u00bb][\/et_pb_heading][et_pb_text _builder_version=\u00bb4.24.3&#8243; _module_preset=\u00bbdefault\u00bb text_text_color=\u00bb#000000&#8243; width=\u00bb120.2%\u00bb custom_margin=\u00bb|||-254px||\u00bb custom_padding=\u00bb||4px|||\u00bb global_colors_info=\u00bb{}\u00bb]<\/p>\n<p style=\"text-align: justify;\">Ya sea que necesite soldadura de precisi\u00f3n en estructuras de acero o trabajos de soldadura en acero inoxidable, podemos ayudarlo a lograr resultados duraderos y profesionales. Un trabajo de soldadura no solo debe ser funcional, tambi\u00e9n debe tener un un buen acabado que sea atractivo a la vista y satisfaga las exigencias de todo cliente, para lo cual contamos con nuestro equipo altamente capacitado.<\/p>\n<p>[\/et_pb_text][\/et_pb_column][\/et_pb_row][et_pb_row column_structure=\u00bb1_2,1_2&#8243; _builder_version=\u00bb4.24.2&#8243; _module_preset=\u00bbdefault\u00bb background_color=\u00bbRGBA(255,255,255,0)\u00bb background_enable_image=\u00bboff\u00bb width=\u00bb86.3%\u00bb global_colors_info=\u00bb{}\u00bb][et_pb_column type=\u00bb1_2&#8243; _builder_version=\u00bb4.24.2&#8243; _module_preset=\u00bbdefault\u00bb background_color=\u00bbRGBA(255,255,255,0)\u00bb global_colors_info=\u00bb{}\u00bb][et_pb_heading title=\u00bbPINTURA\u00bb _builder_version=\u00bb4.24.3&#8243; _module_preset=\u00bbdefault\u00bb background_enable_pattern_style=\u00bbon\u00bb background_pattern_color=\u00bbRGBA(255,255,255,0)\u00bb global_colors_info=\u00bb{}\u00bb][\/et_pb_heading][et_pb_text _builder_version=\u00bb4.24.3&#8243; _module_preset=\u00bbdefault\u00bb text_text_color=\u00bb#000000&#8243; global_colors_info=\u00bb{}\u00bb]<\/p>\n<p style=\"text-align: justify;\"><span style=\"vertical-align: inherit;\"><span style=\"vertical-align: inherit;\">Otro de nuestros campos, es la pintura de materiales met\u00e1licos como el fierro, el acero inoxidable y el aluminio. El tipo de pintura a aplicar siempre depende del tipo de material, el estado en el que se encuentre el mismo y el ambiente d\u00f3nde se encuentre ubicado. La pintura que escojamos y su aplicaci\u00f3n es lo que garantiza la protecci\u00f3n de sus estructuras contra la corrosi\u00f3n y el desgaste, adem\u00e1s de aportar un acabado est\u00e9tico y duradero.<\/span><\/span><\/p>\n<p>[\/et_pb_text][\/et_pb_column][et_pb_column type=\u00bb1_2&#8243; _builder_version=\u00bb4.24.2&#8243; _module_preset=\u00bbdefault\u00bb background_color=\u00bbRGBA(255,255,255,0)\u00bb background_image=\u00bbhttp:\/\/cmproyectos.com.pe\/wp-content\/uploads\/2024\/03\/MURO-CORTINA-STICK-FRAME-2-scaled.jpg\u00bb background_size=\u00bbcontain\u00bb global_colors_info=\u00bb{}\u00bb][et_pb_image src=\u00bbhttp:\/\/cmproyectos.com.pe\/wp-content\/uploads\/2024\/04\/high-angle-worker-spraying-powder-paint-from-gun-scaled.jpg\u00bb title_text=\u00bbhigh-angle-worker-spraying-powder-paint-from-gun\u00bb align=\u00bbcenter\u00bb _builder_version=\u00bb4.24.3&#8243; _module_preset=\u00bbdefault\u00bb height=\u00bb307px\u00bb box_shadow_style=\u00bbpreset1&#8243; global_colors_info=\u00bb{}\u00bb][\/et_pb_image][\/et_pb_column][\/et_pb_row][\/et_pb_section][et_pb_section fb_built=\u00bb1&#8243; _builder_version=\u00bb4.24.2&#8243; _module_preset=\u00bbdefault\u00bb global_colors_info=\u00bb{}\u00bb][et_pb_row _builder_version=\u00bb4.24.2&#8243; _module_preset=\u00bbdefault\u00bb custom_padding=\u00bb50px|||||\u00bb global_colors_info=\u00bb{}\u00bb][et_pb_column type=\u00bb4_4&#8243; _builder_version=\u00bb4.24.2&#8243; _module_preset=\u00bbdefault\u00bb global_colors_info=\u00bb{}\u00bb][et_pb_divider _builder_version=\u00bb4.24.2&#8243; _module_preset=\u00bbdefault\u00bb global_colors_info=\u00bb{}\u00bb][\/et_pb_divider][\/et_pb_column][\/et_pb_row][\/et_pb_section]<\/p>\n","protected":false},"excerpt":{"rendered":"<p>En CM Proyectos, tambi\u00e9n nos dedicamos al suministro e instalaci\u00f3n de materiales el\u00e9ctricos, teniendo como base las normas del c\u00f3digo nacional de electricidad y las normas internacionales vigentes. Abarcamos el sector dom\u00e9stico, comercial e industrial. \u00a0Realizamos mantenimiento de preventivo y correctivo de sistemas el\u00e9ctricos como tableros de control, iluminaci\u00f3n, luces de emergencia, pozo a tierra, [&hellip;]<\/p>\n","protected":false},"author":1,"featured_media":0,"parent":0,"menu_order":0,"comment_status":"closed","ping_status":"closed","template":"","meta":{"_et_pb_use_builder":"on","_et_pb_old_content":"<!-- wp:divi\/placeholder \/-->","_et_gb_content_width":"","om_disable_all_campaigns":false,"_monsterinsights_skip_tracking":false,"_monsterinsights_sitenote_active":false,"_monsterinsights_sitenote_note":"","_monsterinsights_sitenote_category":0,"_uf_show_specific_survey":0,"_uf_disable_surveys":false,"_joinchat":[],"footnotes":""},"class_list":["post-239883","page","type-page","status-publish","hentry"],"aioseo_notices":[],"_links":{"self":[{"href":"https:\/\/cmproyectos.com.pe\/index.php?rest_route=\/wp\/v2\/pages\/239883","targetHints":{"allow":["GET"]}}],"collection":[{"href":"https:\/\/cmproyectos.com.pe\/index.php?rest_route=\/wp\/v2\/pages"}],"about":[{"href":"https:\/\/cmproyectos.com.pe\/index.php?rest_route=\/wp\/v2\/types\/page"}],"author":[{"embeddable":true,"href":"https:\/\/cmproyectos.com.pe\/index.php?rest_route=\/wp\/v2\/users\/1"}],"replies":[{"embeddable":true,"href":"https:\/\/cmproyectos.com.pe\/index.php?rest_route=%2Fwp%2Fv2%2Fcomments&post=239883"}],"version-history":[{"count":12,"href":"https:\/\/cmproyectos.com.pe\/index.php?rest_route=\/wp\/v2\/pages\/239883\/revisions"}],"predecessor-version":[{"id":240422,"href":"https:\/\/cmproyectos.com.pe\/index.php?rest_route=\/wp\/v2\/pages\/239883\/revisions\/240422"}],"wp:attachment":[{"href":"https:\/\/cmproyectos.com.pe\/index.php?rest_route=%2Fwp%2Fv2%2Fmedia&parent=239883"}],"curies":[{"name":"wp","href":"https:\/\/api.w.org\/{rel}","templated":true}]}}