{"id":239866,"date":"2023-10-31T21:22:46","date_gmt":"2023-11-01T02:22:46","guid":{"rendered":"https:\/\/cmproyectos.com.pe\/?page_id=239866"},"modified":"2024-04-25T12:42:54","modified_gmt":"2024-04-25T17:42:54","slug":"corrediza","status":"publish","type":"page","link":"https:\/\/cmproyectos.com.pe\/?page_id=239866","title":{"rendered":"Sol y Sombra"},"content":{"rendered":"<p>[et_pb_section fb_built=\u00bb1&#8243; _builder_version=\u00bb4.24.2&#8243; _module_preset=\u00bbdefault\u00bb background_color=\u00bbRGBA(255,255,255,0)\u00bb background_image=\u00bbhttp:\/\/cmproyectos.com.pe\/wp-content\/uploads\/2024\/04\/SOL-Y-SOMBRE-CM-exterior-silla-AOL-Ycirculo-scaled.jpg\u00bb background_position=\u00bbtop_left\u00bb min_height=\u00bb469.8px\u00bb custom_margin=\u00bb-44px||||false|false\u00bb border_color_bottom=\u00bb#E02B20&#8243; global_colors_info=\u00bb{}\u00bb][et_pb_row _builder_version=\u00bb4.24.2&#8243; _module_preset=\u00bbdefault\u00bb background_color=\u00bb#FFFFFF\u00bb width=\u00bb100%\u00bb max_width=\u00bb2560px\u00bb custom_margin=\u00bb|-7px|-34px|-7px|false|false\u00bb custom_padding=\u00bb|0px|0px|82px|false|false\u00bb global_colors_info=\u00bb{}\u00bb][et_pb_column type=\u00bb4_4&#8243; _builder_version=\u00bb4.24.2&#8243; _module_preset=\u00bbdefault\u00bb custom_padding=\u00bb0px|116px||0px|false|false\u00bb global_colors_info=\u00bb{}\u00bb][et_pb_heading title=\u00bbTECHOS SOL Y SOMBRA\u00bb _builder_version=\u00bb4.24.2&#8243; _module_preset=\u00bbdefault\u00bb title_text_align=\u00bbcenter\u00bb title_text_color=\u00bb#000000&#8243; background_color=\u00bb#FFFFFF\u00bb custom_margin=\u00bb18px||||false|false\u00bb global_colors_info=\u00bb{}\u00bb][\/et_pb_heading][\/et_pb_column][\/et_pb_row][\/et_pb_section][et_pb_section fb_built=\u00bb1&#8243; _builder_version=\u00bb4.24.2&#8243; _module_preset=\u00bbdefault\u00bb background_color=\u00bbRGBA(255,255,255,0)\u00bb global_colors_info=\u00bb{}\u00bb][et_pb_row _builder_version=\u00bb4.24.2&#8243; _module_preset=\u00bbdefault\u00bb background_color=\u00bbRGBA(255,255,255,0)\u00bb background_enable_image=\u00bboff\u00bb width=\u00bb86.3%\u00bb global_colors_info=\u00bb{}\u00bb][et_pb_column type=\u00bb4_4&#8243; _builder_version=\u00bb4.24.2&#8243; _module_preset=\u00bbdefault\u00bb background_color=\u00bbRGBA(255,255,255,0)\u00bb global_colors_info=\u00bb{}\u00bb][et_pb_heading title=\u00bbTECHOS SOL Y SOMBRA\u00bb _builder_version=\u00bb4.24.2&#8243; _module_preset=\u00bbdefault\u00bb background_enable_pattern_style=\u00bbon\u00bb background_pattern_color=\u00bbRGBA(255,255,255,0)\u00bb global_colors_info=\u00bb{}\u00bb][\/et_pb_heading][et_pb_text _builder_version=\u00bb4.24.2&#8243; _module_preset=\u00bbdefault\u00bb text_font=\u00bb||||||||\u00bb text_text_color=\u00bb#000000&#8243; text_orientation=\u00bbjustified\u00bb custom_padding=\u00bb||0px|||\u00bb global_colors_info=\u00bb{}\u00bb]<\/p>\n<p>Nuestros productos est\u00e1n dise\u00f1ados para ofrecerte la combinaci\u00f3n perfecta entre protecci\u00f3n solar y est\u00e9tica, brindando sombra y resguard\u00e1ndote de los rayos del sol. Con nuestra amplia gama de opciones y materiales de calidad, podr\u00e1s crear espacios confortables y funcionales que se adaptar\u00e1n a cualquier entorno. Conf\u00eda en nosotros para proporcionarte soluciones duraderas y confiables en techos sol y sombra de aluminioy\/o fierro con policarbonato alveolar .\u00a0<\/p>\n<p>[\/et_pb_text][\/et_pb_column][\/et_pb_row][\/et_pb_section][et_pb_section fb_built=\u00bb1&#8243; specialty=\u00bbon\u00bb _builder_version=\u00bb4.24.2&#8243; _module_preset=\u00bbdefault\u00bb global_colors_info=\u00bb{}\u00bb][et_pb_column type=\u00bb1_2&#8243; specialty_columns=\u00bb2&#8243; _builder_version=\u00bb4.16&#8243; custom_padding=\u00bb|||\u00bb global_colors_info=\u00bb{}\u00bb custom_padding__hover=\u00bb|||\u00bb][et_pb_row_inner column_structure=\u00bb1_2,1_2&#8243; _builder_version=\u00bb4.24.2&#8243; _module_preset=\u00bbdefault\u00bb min_height=\u00bb339.3px\u00bb custom_margin=\u00bb||-107px|||\u00bb global_colors_info=\u00bb{}\u00bb][et_pb_column_inner type=\u00bb1_2&#8243; saved_specialty_column_type=\u00bb1_2&#8243; _builder_version=\u00bb4.24.2&#8243; _module_preset=\u00bbdefault\u00bb global_colors_info=\u00bb{}\u00bb][\/et_pb_column_inner][et_pb_column_inner type=\u00bb1_2&#8243; saved_specialty_column_type=\u00bb1_2&#8243; _builder_version=\u00bb4.24.2&#8243; _module_preset=\u00bbdefault\u00bb global_colors_info=\u00bb{}\u00bb][et_pb_image src=\u00bbhttp:\/\/cmproyectos.com.pe\/wp-content\/uploads\/2024\/04\/terraza-muebles-exterior-piedra-pared-ve-cielo-quincho-pergola-acero-scaled.jpg\u00bb _builder_version=\u00bb4.25.0&#8243; _module_preset=\u00bbdefault\u00bb hover_enabled=\u00bb0&#8243; box_shadow_style=\u00bbpreset1&#8243; global_colors_info=\u00bb{}\u00bb sticky_enabled=\u00bb0&#8243;][\/et_pb_image][\/et_pb_column_inner][\/et_pb_row_inner][\/et_pb_column][et_pb_column type=\u00bb1_2&#8243; _builder_version=\u00bb4.16&#8243; custom_padding=\u00bb|||\u00bb global_colors_info=\u00bb{}\u00bb custom_padding__hover=\u00bb|||\u00bb][et_pb_image src=\u00bbhttp:\/\/cmproyectos.com.pe\/wp-content\/uploads\/2024\/04\/primer-rojo-delante-mujer-feliz-que-coloca-invernadero-scaled.jpg\u00bb _builder_version=\u00bb4.25.0&#8243; _module_preset=\u00bbdefault\u00bb height=\u00bb452px\u00bb box_shadow_style=\u00bbpreset1&#8243; global_colors_info=\u00bb{}\u00bb][\/et_pb_image][\/et_pb_column][\/et_pb_section][et_pb_section fb_built=\u00bb1&#8243; _builder_version=\u00bb4.24.2&#8243; _module_preset=\u00bbdefault\u00bb global_colors_info=\u00bb{}\u00bb][et_pb_row _builder_version=\u00bb4.24.2&#8243; _module_preset=\u00bbdefault\u00bb global_colors_info=\u00bb{}\u00bb][et_pb_column type=\u00bb4_4&#8243; _builder_version=\u00bb4.24.2&#8243; _module_preset=\u00bbdefault\u00bb global_colors_info=\u00bb{}\u00bb][et_pb_divider _builder_version=\u00bb4.24.2&#8243; _module_preset=\u00bbdefault\u00bb global_colors_info=\u00bb{}\u00bb][\/et_pb_divider][\/et_pb_column][\/et_pb_row][\/et_pb_section]<\/p>\n","protected":false},"excerpt":{"rendered":"<p>Nuestros productos est\u00e1n dise\u00f1ados para ofrecerte la combinaci\u00f3n perfecta entre protecci\u00f3n solar y est\u00e9tica, brindando sombra y resguard\u00e1ndote de los rayos del sol. Con nuestra amplia gama de opciones y materiales de calidad, podr\u00e1s crear espacios confortables y funcionales que se adaptar\u00e1n a cualquier entorno. Conf\u00eda en nosotros para proporcionarte soluciones duraderas y confiables en [&hellip;]<\/p>\n","protected":false},"author":1,"featured_media":0,"parent":0,"menu_order":0,"comment_status":"closed","ping_status":"closed","template":"","meta":{"_et_pb_use_builder":"on","_et_pb_old_content":"<!-- wp:divi\/placeholder \/-->","_et_gb_content_width":"","om_disable_all_campaigns":false,"_monsterinsights_skip_tracking":false,"_monsterinsights_sitenote_active":false,"_monsterinsights_sitenote_note":"","_monsterinsights_sitenote_category":0,"_uf_show_specific_survey":0,"_uf_disable_surveys":false,"_joinchat":[],"footnotes":""},"class_list":["post-239866","page","type-page","status-publish","hentry"],"aioseo_notices":[],"_links":{"self":[{"href":"https:\/\/cmproyectos.com.pe\/index.php?rest_route=\/wp\/v2\/pages\/239866","targetHints":{"allow":["GET"]}}],"collection":[{"href":"https:\/\/cmproyectos.com.pe\/index.php?rest_route=\/wp\/v2\/pages"}],"about":[{"href":"https:\/\/cmproyectos.com.pe\/index.php?rest_route=\/wp\/v2\/types\/page"}],"author":[{"embeddable":true,"href":"https:\/\/cmproyectos.com.pe\/index.php?rest_route=\/wp\/v2\/users\/1"}],"replies":[{"embeddable":true,"href":"https:\/\/cmproyectos.com.pe\/index.php?rest_route=%2Fwp%2Fv2%2Fcomments&post=239866"}],"version-history":[{"count":6,"href":"https:\/\/cmproyectos.com.pe\/index.php?rest_route=\/wp\/v2\/pages\/239866\/revisions"}],"predecessor-version":[{"id":240598,"href":"https:\/\/cmproyectos.com.pe\/index.php?rest_route=\/wp\/v2\/pages\/239866\/revisions\/240598"}],"wp:attachment":[{"href":"https:\/\/cmproyectos.com.pe\/index.php?rest_route=%2Fwp%2Fv2%2Fmedia&parent=239866"}],"curies":[{"name":"wp","href":"https:\/\/api.w.org\/{rel}","templated":true}]}}