{"id":239674,"date":"2023-10-25T08:56:03","date_gmt":"2023-10-25T13:56:03","guid":{"rendered":"https:\/\/cmproyectos.com.pe\/?page_id=239674"},"modified":"2024-03-20T11:28:09","modified_gmt":"2024-03-20T16:28:09","slug":"conocenos","status":"publish","type":"page","link":"https:\/\/cmproyectos.com.pe\/?page_id=239674","title":{"rendered":"Nosotros"},"content":{"rendered":"<p>[et_pb_section fb_built=\u00bb1&#8243; _builder_version=\u00bb4.23&#8243; _module_preset=\u00bbdefault\u00bb background_color=\u00bbrgba(0,0,0,0.71)\u00bb background_image=\u00bbhttp:\/\/cmproyectos.com.pe\/wp-content\/uploads\/2023\/10\/Nosotros2.jpg\u00bb background_blend=\u00bbcolor-dodge\u00bb custom_padding=\u00bb51px||44px|||\u00bb global_colors_info=\u00bb{}\u00bb][et_pb_row _builder_version=\u00bb4.23&#8243; _module_preset=\u00bbdefault\u00bb global_colors_info=\u00bb{}\u00bb][et_pb_column type=\u00bb4_4&#8243; _builder_version=\u00bb4.23&#8243; _module_preset=\u00bbdefault\u00bb global_colors_info=\u00bb{}\u00bb][et_pb_text _builder_version=\u00bb4.23&#8243; _module_preset=\u00bbdefault\u00bb header_font=\u00bbVerdana|800|||||||\u00bb header_text_color=\u00bb#FFFFFF\u00bb header_font_size=\u00bb33px\u00bb custom_margin=\u00bb||7px|||\u00bb global_colors_info=\u00bb{}\u00bb]<\/p>\n<h1>NOSOTROS<\/h1>\n<p>[\/et_pb_text][et_pb_divider color=\u00bb#E02B20&#8243; divider_weight=\u00bb7px\u00bb _builder_version=\u00bb4.23&#8243; _module_preset=\u00bbdefault\u00bb width=\u00bb9%\u00bb global_colors_info=\u00bb{}\u00bb][\/et_pb_divider][\/et_pb_column][\/et_pb_row][\/et_pb_section][et_pb_section fb_built=\u00bb1&#8243; _builder_version=\u00bb4.23&#8243; _module_preset=\u00bbdefault\u00bb custom_padding=\u00bb21px||0px|||\u00bb global_colors_info=\u00bb{}\u00bb][et_pb_row column_structure=\u00bb1_2,1_2&#8243; _builder_version=\u00bb4.23&#8243; _module_preset=\u00bbdefault\u00bb global_colors_info=\u00bb{}\u00bb][et_pb_column type=\u00bb1_2&#8243; _builder_version=\u00bb4.23&#8243; _module_preset=\u00bbdefault\u00bb global_colors_info=\u00bb{}\u00bb][et_pb_text _builder_version=\u00bb4.23&#8243; _module_preset=\u00bbdefault\u00bb text_font=\u00bbVerdana||||||||\u00bb text_text_color=\u00bb#000000&#8243; text_font_size=\u00bb16px\u00bb text_line_height=\u00bb28px\u00bb custom_margin=\u00bb||29px|||\u00bb global_colors_info=\u00bb{}\u00bb]<\/p>\n<p>CM Proyectos &amp; Acabados es una empresa dedicada al rubro de acabados de construcci\u00f3n y decoraci\u00f3n de interiores, enfoc\u00e1ndose por ahora a rubro de vidrios, aluminios, l\u00e1minas de seguridad y decorativas, estructuras met\u00e1licas y acero, y ha piscinas, ofreciendo suministro de materiales, servicios de instalaci\u00f3n, mantenimiento y asesor\u00eda a zonas residenciales, comerciales e industriales.<\/p>\n<p>[\/et_pb_text][et_pb_text _builder_version=\u00bb4.23&#8243; _module_preset=\u00bbdefault\u00bb header_2_font=\u00bbVerdana|700|||||||\u00bb custom_margin=\u00bb||6px|||\u00bb global_colors_info=\u00bb{}\u00bb]<\/p>\n<h2>Misi\u00f3n<\/h2>\n<p>[\/et_pb_text][et_pb_divider color=\u00bb#E02B20&#8243; divider_weight=\u00bb7px\u00bb _builder_version=\u00bb4.23&#8243; _module_preset=\u00bbdefault\u00bb width=\u00bb8%\u00bb custom_margin=\u00bb||6px||false|false\u00bb custom_padding=\u00bb||0px||false|false\u00bb global_colors_info=\u00bb{}\u00bb][\/et_pb_divider][et_pb_text _builder_version=\u00bb4.23&#8243; _module_preset=\u00bbdefault\u00bb text_font=\u00bbVerdana||||||||\u00bb text_text_color=\u00bb#000000&#8243; text_font_size=\u00bb16px\u00bb text_line_height=\u00bb28px\u00bb global_colors_info=\u00bb{}\u00bb]<\/p>\n<p>Brindar soluciones de calidad en el dise\u00f1o y fabricaci\u00f3n de acabados de construcci\u00f3n, y decoraci\u00f3n de interiores, con productos que garanticen la seguridad y satisfacci\u00f3n de nuestros clientes; impulsando as\u00ed el crecimiento socio-econ\u00f3mico del pa\u00eds .<\/p>\n<p>[\/et_pb_text][et_pb_text _builder_version=\u00bb4.23&#8243; _module_preset=\u00bbdefault\u00bb header_2_font=\u00bbVerdana|700|||||||\u00bb custom_margin=\u00bb||6px|||\u00bb global_colors_info=\u00bb{}\u00bb]<\/p>\n<h2>Visi\u00f3n<\/h2>\n<p>[\/et_pb_text][et_pb_divider color=\u00bb#E02B20&#8243; divider_weight=\u00bb7px\u00bb _builder_version=\u00bb4.23&#8243; _module_preset=\u00bbdefault\u00bb width=\u00bb8%\u00bb custom_margin=\u00bb||6px||false|false\u00bb custom_padding=\u00bb||0px||false|false\u00bb global_colors_info=\u00bb{}\u00bb][\/et_pb_divider][et_pb_text _builder_version=\u00bb4.23&#8243; _module_preset=\u00bbdefault\u00bb text_font=\u00bbVerdana||||||||\u00bb text_text_color=\u00bb#000000&#8243; text_font_size=\u00bb16px\u00bb text_line_height=\u00bb28px\u00bb global_colors_info=\u00bb{}\u00bb]<\/p>\n<p>Estar posicionados en el mercado como una de las 7 mejores opciones en los servicios y productos que ofrecemos, contando con una amplia cartera de clientes fidelizados; y comprometidos con la seguridad, calidad, innovaci\u00f3n y el medio ambiente.<\/p>\n<p>[\/et_pb_text][\/et_pb_column][et_pb_column type=\u00bb1_2&#8243; _builder_version=\u00bb4.23&#8243; _module_preset=\u00bbdefault\u00bb global_colors_info=\u00bb{}\u00bb][et_pb_image src=\u00bbhttp:\/\/cmproyectos.com.pe\/wp-content\/uploads\/2023\/10\/QS.jpg\u00bb title_text=\u00bbQS\u00bb _builder_version=\u00bb4.23&#8243; _module_preset=\u00bbdefault\u00bb custom_margin=\u00bb11px|||||\u00bb box_shadow_style=\u00bbpreset1&#8243; global_colors_info=\u00bb{}\u00bb][\/et_pb_image][\/et_pb_column][\/et_pb_row][\/et_pb_section][et_pb_section fb_built=\u00bb1&#8243; _builder_version=\u00bb4.23&#8243; _module_preset=\u00bbdefault\u00bb custom_padding=\u00bb13px|||||\u00bb global_colors_info=\u00bb{}\u00bb][et_pb_row column_structure=\u00bb1_2,1_2&#8243; _builder_version=\u00bb4.23&#8243; _module_preset=\u00bbdefault\u00bb global_colors_info=\u00bb{}\u00bb][et_pb_column type=\u00bb1_2&#8243; _builder_version=\u00bb4.23&#8243; _module_preset=\u00bbdefault\u00bb global_colors_info=\u00bb{}\u00bb][et_pb_image src=\u00bbhttp:\/\/cmproyectos.com.pe\/wp-content\/uploads\/2023\/10\/QS2.jpg\u00bb title_text=\u00bbQS2&#8243; _builder_version=\u00bb4.23&#8243; _module_preset=\u00bbdefault\u00bb box_shadow_style=\u00bbpreset1&#8243; global_colors_info=\u00bb{}\u00bb][\/et_pb_image][\/et_pb_column][et_pb_column type=\u00bb1_2&#8243; _builder_version=\u00bb4.23&#8243; _module_preset=\u00bbdefault\u00bb global_colors_info=\u00bb{}\u00bb][et_pb_text _builder_version=\u00bb4.23&#8243; _module_preset=\u00bbdefault\u00bb header_2_font=\u00bbVerdana|700|||||||\u00bb custom_margin=\u00bb||6px|||\u00bb global_colors_info=\u00bb{}\u00bb]<\/p>\n<h2>Pol\u00edticas de calidad<\/h2>\n<p>[\/et_pb_text][et_pb_divider color=\u00bb#E02B20&#8243; divider_weight=\u00bb7px\u00bb _builder_version=\u00bb4.23&#8243; _module_preset=\u00bbdefault\u00bb width=\u00bb20%\u00bb custom_margin=\u00bb||6px||false|false\u00bb custom_padding=\u00bb||0px||false|false\u00bb global_colors_info=\u00bb{}\u00bb][\/et_pb_divider][et_pb_text _builder_version=\u00bb4.23&#8243; _module_preset=\u00bbdefault\u00bb text_font=\u00bbVerdana||||||||\u00bb text_text_color=\u00bb#000000&#8243; text_font_size=\u00bb16px\u00bb text_line_height=\u00bb28px\u00bb global_colors_info=\u00bb{}\u00bb]<\/p>\n<p>Prestar servicios y productos que superen las expectativas del consumidor, bas\u00e1ndonos en la calidad, mediante la mejora continua en nuestros procesos, funciones y responsabilidades ante nuestros clientes internos y externos.<\/p>\n<p>[\/et_pb_text][et_pb_text _builder_version=\u00bb4.23&#8243; _module_preset=\u00bbdefault\u00bb header_2_font=\u00bbVerdana|700|||||||\u00bb custom_margin=\u00bb||6px|||\u00bb global_colors_info=\u00bb{}\u00bb]<\/p>\n<h2>Nuestros valores<\/h2>\n<p>[\/et_pb_text][et_pb_divider color=\u00bb#E02B20&#8243; divider_weight=\u00bb7px\u00bb _builder_version=\u00bb4.23&#8243; _module_preset=\u00bbdefault\u00bb width=\u00bb20%\u00bb custom_margin=\u00bb||6px||false|false\u00bb custom_padding=\u00bb||0px||false|false\u00bb global_colors_info=\u00bb{}\u00bb][\/et_pb_divider][et_pb_text _builder_version=\u00bb4.23&#8243; _module_preset=\u00bbdefault\u00bb text_font=\u00bbVerdana||||||||\u00bb text_text_color=\u00bb#000000&#8243; text_font_size=\u00bb16px\u00bb text_line_height=\u00bb28px\u00bb global_colors_info=\u00bb{}\u00bb]<\/p>\n<p>Los valores que nos definen, son:<br \/>Conducta \u00e9tica, enfoque al cliente, respeto, trabajo en equipo, bienestar, responsabilidad social y ambiental.<\/p>\n<p>[\/et_pb_text][\/et_pb_column][\/et_pb_row][\/et_pb_section]<\/p>\n","protected":false},"excerpt":{"rendered":"<p>NOSOTROSCM Proyectos &amp; Acabados es una empresa dedicada al rubro de acabados de construcci\u00f3n y decoraci\u00f3n de interiores, enfoc\u00e1ndose por ahora a rubro de vidrios, aluminios, l\u00e1minas de seguridad y decorativas, estructuras met\u00e1licas y acero, y ha piscinas, ofreciendo suministro de materiales, servicios de instalaci\u00f3n, mantenimiento y asesor\u00eda a zonas residenciales, comerciales e industriales.Misi\u00f3nBrindar soluciones [&hellip;]<\/p>\n","protected":false},"author":1,"featured_media":0,"parent":0,"menu_order":0,"comment_status":"closed","ping_status":"closed","template":"","meta":{"_et_pb_use_builder":"on","_et_pb_old_content":"","_et_gb_content_width":"","om_disable_all_campaigns":false,"_monsterinsights_skip_tracking":false,"_monsterinsights_sitenote_active":false,"_monsterinsights_sitenote_note":"","_monsterinsights_sitenote_category":0,"_uf_show_specific_survey":0,"_uf_disable_surveys":false,"_joinchat":[],"footnotes":""},"class_list":["post-239674","page","type-page","status-publish","hentry"],"aioseo_notices":[],"_links":{"self":[{"href":"https:\/\/cmproyectos.com.pe\/index.php?rest_route=\/wp\/v2\/pages\/239674","targetHints":{"allow":["GET"]}}],"collection":[{"href":"https:\/\/cmproyectos.com.pe\/index.php?rest_route=\/wp\/v2\/pages"}],"about":[{"href":"https:\/\/cmproyectos.com.pe\/index.php?rest_route=\/wp\/v2\/types\/page"}],"author":[{"embeddable":true,"href":"https:\/\/cmproyectos.com.pe\/index.php?rest_route=\/wp\/v2\/users\/1"}],"replies":[{"embeddable":true,"href":"https:\/\/cmproyectos.com.pe\/index.php?rest_route=%2Fwp%2Fv2%2Fcomments&post=239674"}],"version-history":[{"count":13,"href":"https:\/\/cmproyectos.com.pe\/index.php?rest_route=\/wp\/v2\/pages\/239674\/revisions"}],"predecessor-version":[{"id":240062,"href":"https:\/\/cmproyectos.com.pe\/index.php?rest_route=\/wp\/v2\/pages\/239674\/revisions\/240062"}],"wp:attachment":[{"href":"https:\/\/cmproyectos.com.pe\/index.php?rest_route=%2Fwp%2Fv2%2Fmedia&parent=239674"}],"curies":[{"name":"wp","href":"https:\/\/api.w.org\/{rel}","templated":true}]}}